{"id":3,"date":"2021-01-19T10:17:17","date_gmt":"2021-01-19T10:17:17","guid":{"rendered":"https:\/\/www.ehscommunications.com\/?page_id=3"},"modified":"2021-01-29T19:25:19","modified_gmt":"2021-01-29T19:25:19","slug":"privacyverklaring","status":"publish","type":"page","link":"https:\/\/www.ehscommunications.com\/pt\/privacyverklaring\/","title":{"rendered":"Declara\u00e7\u00e3o de privacidade"},"content":{"rendered":"<style type=\"text\/css\" data-created_by=\"avia_inline_auto\" id=\"style-css-av-kk5e17s4-e1080f87238a4dc7e0b84350ead74ce2\">\n.flex_column.av-kk5e17s4-e1080f87238a4dc7e0b84350ead74ce2{\nborder-radius:0px 0px 0px 0px;\npadding:0 0 0 0;\nbackground-color:#ffffff;\n}\n<\/style>\n<div  class='flex_column av-kk5e17s4-e1080f87238a4dc7e0b84350ead74ce2 av_one_fifth  avia-builder-el-0  el_before_av_three_fifth  avia-builder-el-first  first flex_column_div av-zero-column-padding'     ><\/div>\n\n<style type=\"text\/css\" data-created_by=\"avia_inline_auto\" id=\"style-css-av-kk5e17s4-0cd1556c44ef16f771c8044f8b5738da\">\n.flex_column.av-kk5e17s4-0cd1556c44ef16f771c8044f8b5738da{\nborder-radius:0px 0px 0px 0px;\npadding:0 0 0 0;\nbackground-color:#ffffff;\n}\n<\/style>\n<div  class='flex_column av-kk5e17s4-0cd1556c44ef16f771c8044f8b5738da av_three_fifth  avia-builder-el-1  el_after_av_one_fifth  el_before_av_one_fifth  flex_column_div av-zero-column-padding'     ><section  class='av_textblock_section av-kk5e0lin-2e01cdaa90f79be836c97d226764ed2e'   itemscope=\"itemscope\" itemtype=\"https:\/\/schema.org\/CreativeWork\" ><div class='avia_textblock'  itemprop=\"text\" ><h1 style=\"color: #441943;\">Declara\u00e7\u00e3o de privacidade<\/h1>\n<h4>Detalhes de contacto:<\/h4>\n<p>Comunica\u00e7\u00f5es EHS<br \/>\nGraafschap Hornelaan 194<br \/>\n6004 HT Weert<br \/>\nTel 0495-524380<\/p>\n<h4>Os dados pessoais que processamos:<\/h4>\n<p>EHS Communications processa os seus dados pessoais porque utiliza os nossos servi\u00e7os e\/ou porque nos fornece esses dados pessoalmente. Abaixo est\u00e1 uma vis\u00e3o geral dos dados pessoais que processamos:<br \/>\n- Nome e apelido<br \/>\n- Endere\u00e7o de correio electr\u00f3nico<br \/>\n- Dados sobre as suas actividades no nosso website<\/p>\n<h4>Dados pessoais especiais e\/ou sens\u00edveis que processamos<\/h4>\n<p>O nosso website e\/ou servi\u00e7o n\u00e3o pretende recolher dados sobre visitantes do website que tenham menos de 16 anos de idade. A menos que tenham o consentimento dos pais ou tutores. Contudo, n\u00e3o podemos verificar se um visitante tem mais de 16 anos de idade. Por conseguinte, aconselhamos os pais a envolverem-se nas actividades em linha dos seus filhos para evitar a recolha de dados sobre crian\u00e7as sem o consentimento dos pais. Se estiver convencido de que recolhemos dados pessoais sobre um menor sem esse consentimento, queira contactar-nos em info@ehscommunications.nl e apagaremos esta informa\u00e7\u00e3o.<\/p>\n<h4>Para que fins e com que base processamos os dados pessoais<\/h4>\n<p>EHS Communications processa os seus dados pessoais para os seguintes fins:<br \/>\n- Telefonar-lhe ou enviar-lhe um e-mail, se necess\u00e1rio, para realizar os nossos servi\u00e7os<br \/>\n- Para lhe entregar bens e servi\u00e7os<\/p>\n<h4>Tomada de decis\u00f5es automatizada<\/h4>\n<p>A EHS Communications toma decis\u00f5es sobre assuntos que podem (significativamente) afectar indiv\u00edduos com base no processamento automatizado. Estas s\u00e3o decis\u00f5es que s\u00e3o tomadas por programas ou sistemas inform\u00e1ticos, sem que uma pessoa (por exemplo, um funcion\u00e1rio da EHS Communications) esteja envolvida. A EHS Communications utiliza os seguintes programas ou sistemas inform\u00e1ticos: Formul\u00e1rios WordPress para o processamento de registos e perguntas em oficinas, quando \u00e9 preenchido um formul\u00e1rio de contacto.<\/p>\n<h4>Quanto tempo guardamos os dados pessoais<\/h4>\n<p>EHS Communications n\u00e3o reter\u00e1 os seus dados pessoais por mais tempo do que o estritamente necess\u00e1rio para cumprir as finalidades para as quais os seus dados s\u00e3o recolhidos. Utilizamos os seguintes per\u00edodos de reten\u00e7\u00e3o para os seguintes (categorias de) dados pessoais: os dados de contacto s\u00e3o mantidos indefinidamente.<\/p>\n<h4>Partilha de dados pessoais com terceiros<\/h4>\n<p>EHS Communications apenas fornece terceiros e apenas quando necess\u00e1rio para a execu\u00e7\u00e3o do nosso acordo consigo ou para o cumprimento de uma obriga\u00e7\u00e3o legal.<\/p>\n<h4>Cookies, ou t\u00e9cnicas semelhantes, que utilizamos<\/h4>\n<p>A EHS Communications utiliza cookies funcionais, anal\u00edticos e de rastreio. Um cookie \u00e9 um pequeno ficheiro de texto que \u00e9 armazenado no navegador do seu computador, tablet ou smartphone na primeira vez que visita este s\u00edtio Web. A EHS Communications utiliza cookies com uma funcionalidade puramente t\u00e9cnica. Estes garantem que o s\u00edtio Web funciona corretamente e que, por exemplo, as suas prefer\u00eancias s\u00e3o recordadas. Estes cookies tamb\u00e9m s\u00e3o utilizados para que o s\u00edtio Web funcione corretamente e para o otimizar. Al\u00e9m disso, colocamos cookies que registam o seu comportamento de navega\u00e7\u00e3o para podermos oferecer conte\u00fados e an\u00fancios personalizados. Na sua primeira visita ao nosso s\u00edtio Web, j\u00e1 o inform\u00e1mos sobre estes cookies e pedimos a sua autoriza\u00e7\u00e3o para os colocar. Pode optar por n\u00e3o utilizar cookies, configurando o seu navegador de Internet para deixar de armazenar cookies. Tamb\u00e9m pode apagar qualquer informa\u00e7\u00e3o previamente armazenada atrav\u00e9s das defini\u00e7\u00f5es do seu browser. Para uma explica\u00e7\u00e3o, consulte: https:\/\/veiliginternetten.nl\/themes\/situatie\/cookies-wat-zijn-het-en-wat-doe-ik-ermee\/<\/p>\n<p>Os cookies tamb\u00e9m s\u00e3o colocados neste website por terceiros. Estes incluem, por exemplo, os anunciantes e\/ou as empresas de comunica\u00e7\u00e3o social. Abaixo encontra-se uma vis\u00e3o geral: Cookie: Google Analytics<\/p>\n<p>Nome: _utma<br \/>\nFun\u00e7\u00e3o: Medi\u00e7\u00e3o anal\u00edtica do tr\u00e1fego de cookies no website<br \/>\nPer\u00edodo de reten\u00e7\u00e3o: 2 anos<\/p>\n<h4>Ver, modificar ou apagar dados<\/h4>\n<p>Tem o direito de aceder, corrigir ou apagar os seus dados pessoais. Al\u00e9m disso, tem o direito de retirar o seu eventual consentimento para o processamento de dados ou opor-se ao processamento dos seus dados pessoais pela EHS Communications e tem o direito \u00e0 portabilidade dos dados. Isto significa que pode solicitar-nos que lhe enviemos os dados pessoais que possu\u00edmos sobre si num ficheiro inform\u00e1tico ou outra organiza\u00e7\u00e3o por si nomeada. Pode enviar um pedido de inspec\u00e7\u00e3o, correc\u00e7\u00e3o, apagamento, transfer\u00eancia dos seus dados pessoais ou um pedido para retirar o seu consentimento ou opor-se ao processamento dos seus dados pessoais para info@ehscommunications.nl. Para garantir que o pedido de inspec\u00e7\u00e3o \u00e9 feito por si, pedimos-lhe que envie uma c\u00f3pia da sua prova de identidade juntamente com o pedido. Nesta c\u00f3pia, apague a sua fotografia de passaporte, MRZ (zona de leitura \u00f3ptica, a faixa com n\u00fameros na parte inferior do passaporte), n\u00famero de passaporte e n\u00famero de servi\u00e7o ao cidad\u00e3o (BSN). Isto \u00e9 para proteger a sua privacidade. Responderemos ao seu pedido o mais rapidamente poss\u00edvel, mas no prazo de quatro semanas. A EHS Communications gostaria tamb\u00e9m de o informar que tem a op\u00e7\u00e3o de apresentar uma queixa \u00e0 autoridade nacional de supervis\u00e3o, a Autoridade de Dados Pessoais. Pode faz\u00ea-lo atrav\u00e9s da seguinte liga\u00e7\u00e3o: https:\/\/autoriteitpersoonsgegevens.nl\/nl\/contact-met-de-autoriteit-persoonsgegevens\/tip-ons<\/p>\n<h4>Como asseguramos os dados pessoais<\/h4>\n<p>EHS Communications leva a s\u00e9rio a protec\u00e7\u00e3o dos seus dados e toma as medidas adequadas para evitar a sua utiliza\u00e7\u00e3o indevida, perda, acesso n\u00e3o autorizado, divulga\u00e7\u00e3o n\u00e3o desejada e modifica\u00e7\u00e3o n\u00e3o autorizada. Se achar que os seus dados n\u00e3o est\u00e3o devidamente protegidos ou se houver ind\u00edcios de utiliza\u00e7\u00e3o indevida, contacte o nosso servi\u00e7o ao cliente ou via info@ehscommunications.nl.<\/p>\n<\/div><\/section><\/div>\n<style type=\"text\/css\" data-created_by=\"avia_inline_auto\" id=\"style-css-av-kk5e17s4-0cd1556c44ef16f771c8044f8b5738da\">\n.flex_column.av-kk5e17s4-0cd1556c44ef16f771c8044f8b5738da{\nborder-radius:0px 0px 0px 0px;\npadding:0 0 0 0;\nbackground-color:#ffffff;\n}\n<\/style>\n<div  class='flex_column av-kk5e17s4-0cd1556c44ef16f771c8044f8b5738da av_one_fifth  avia-builder-el-3  el_after_av_three_fifth  avia-builder-el-last  flex_column_div av-zero-column-padding'     ><\/div><\/p>","protected":false},"excerpt":{"rendered":"","protected":false},"author":1,"featured_media":0,"parent":0,"menu_order":0,"comment_status":"closed","ping_status":"open","template":"","meta":{"_monsterinsights_skip_tracking":false,"_monsterinsights_sitenote_active":false,"_monsterinsights_sitenote_note":"","_monsterinsights_sitenote_category":0,"footnotes":""},"class_list":["post-3","page","type-page","status-publish","hentry"],"_links":{"self":[{"href":"https:\/\/www.ehscommunications.com\/pt\/wp-json\/wp\/v2\/pages\/3","targetHints":{"allow":["GET"]}}],"collection":[{"href":"https:\/\/www.ehscommunications.com\/pt\/wp-json\/wp\/v2\/pages"}],"about":[{"href":"https:\/\/www.ehscommunications.com\/pt\/wp-json\/wp\/v2\/types\/page"}],"author":[{"embeddable":true,"href":"https:\/\/www.ehscommunications.com\/pt\/wp-json\/wp\/v2\/users\/1"}],"replies":[{"embeddable":true,"href":"https:\/\/www.ehscommunications.com\/pt\/wp-json\/wp\/v2\/comments?post=3"}],"version-history":[{"count":6,"href":"https:\/\/www.ehscommunications.com\/pt\/wp-json\/wp\/v2\/pages\/3\/revisions"}],"predecessor-version":[{"id":345,"href":"https:\/\/www.ehscommunications.com\/pt\/wp-json\/wp\/v2\/pages\/3\/revisions\/345"}],"wp:attachment":[{"href":"https:\/\/www.ehscommunications.com\/pt\/wp-json\/wp\/v2\/media?parent=3"}],"curies":[{"name":"wp","href":"https:\/\/api.w.org\/{rel}","templated":true}]}}