{"id":49,"date":"2021-01-20T11:22:39","date_gmt":"2021-01-20T11:22:39","guid":{"rendered":"https:\/\/www.ehscommunications.com\/?page_id=49"},"modified":"2024-03-18T07:57:29","modified_gmt":"2024-03-18T07:57:29","slug":"gosocial","status":"publish","type":"page","link":"https:\/\/www.ehscommunications.com\/pt\/gosocial\/","title":{"rendered":"Go Social"},"content":{"rendered":"<style type=\"text\/css\" data-created_by=\"avia_inline_auto\" id=\"style-css-av-kk5c63fu-e989616bf4b75d166e466f8aad575ed2\">\n.avia-section.av-kk5c63fu-e989616bf4b75d166e466f8aad575ed2{\nbackground-repeat:no-repeat;\nbackground-image:url(https:\/\/www.ehscommunications.com\/wp-content\/uploads\/2021\/02\/Banner-go-social-1.png);\nbackground-position:0% 0%;\nbackground-attachment:scroll;\n}\n<\/style>\n<div id='av_section_1'  class='avia-section av-kk5c63fu-e989616bf4b75d166e466f8aad575ed2 main_color avia-section-default avia-no-border-styling  avia-builder-el-0  el_before_av_section  avia-builder-el-first  avia-full-stretch avia-bg-style-scroll av-minimum-height av-minimum-height-custom av-height-custom  container_wrap fullsize'  data-section-bg-repeat='stretch' data-av_minimum_height_px='240'><div class='container av-section-cont-open' style='height:240px'><main  role=\"main\" itemprop=\"mainContentOfPage\"  class='template-page content  av-content-full alpha units'><div class='post-entry post-entry-type-page post-entry-49'><div class='entry-content-wrapper clearfix'>\n<\/div><\/div><\/main><!-- close content main element --><\/div><\/div><div id='av_section_2'  class='avia-section av-3iou9-659ff2ef493f353d57087f8503265c89 main_color avia-section-default avia-no-border-styling  avia-builder-el-1  el_after_av_section  avia-builder-el-last  avia-bg-style-scroll container_wrap fullsize'  ><div class='container av-section-cont-open' ><div class='template-page content  av-content-full alpha units'><div class='post-entry post-entry-type-page post-entry-49'><div class='entry-content-wrapper clearfix'>\n\n<style type=\"text\/css\" data-created_by=\"avia_inline_auto\" id=\"style-css-av-2x2d9-08222e06a43cc672e2e1ea9d15cab535\">\n.flex_column.av-2x2d9-08222e06a43cc672e2e1ea9d15cab535{\nborder-radius:0px 0px 0px 0px;\npadding:0px 0px 0px 0px;\n}\n<\/style>\n<div  class='flex_column av-2x2d9-08222e06a43cc672e2e1ea9d15cab535 av_one_fifth  avia-builder-el-2  el_before_av_three_fifth  avia-builder-el-first  first flex_column_div av-zero-column-padding'     ><\/div>\n<style type=\"text\/css\" data-created_by=\"avia_inline_auto\" id=\"style-css-av-21a2t-7b7b8485aa2a3c58baddc6dbcfc5a871\">\n.flex_column.av-21a2t-7b7b8485aa2a3c58baddc6dbcfc5a871{\nborder-radius:0px 0px 0px 0px;\npadding:10px 0px 10px 0px;\n}\n<\/style>\n<div  class='flex_column av-21a2t-7b7b8485aa2a3c58baddc6dbcfc5a871 av_three_fifth  avia-builder-el-3  el_after_av_one_fifth  el_before_av_one_fifth  flex_column_div'     ><section  class='av_textblock_section av-kk5by6wz-29e3929890b8b06a03eb962d0e48a365'   itemscope=\"itemscope\" itemtype=\"https:\/\/schema.org\/CreativeWork\" ><div class='avia_textblock'  itemprop=\"text\" ><h1 style=\"color: #441943;\">Go Social<\/h1>\n<p><span style=\"font-size: 20px; color: #e40f6e;\">A Go Social \u00e9 a \u00fanica ag\u00eancia no mundo a representar um grande grupo de influentes holandeses e internacionais no mundo equestre. A Go Social \u00e9 uma spin-off e propriedade da EHS Communications B.V.<\/span><\/p>\n<p>Os nossos Influenciadores abrangem diferentes categorias e nichos com alcance de alguns milhares a mais de 1 milh\u00e3o de seguidores. Os nossos talentos tornaram-se grandes atrav\u00e9s de blogs, YouTube, redes sociais ou criaram uma base de f\u00e3s online atrav\u00e9s da sua fama atrav\u00e9s dos desportos equestres. Podemos ajudar plenamente com uma estrat\u00e9gia de m\u00eddia social ou com a distribui\u00e7\u00e3o dos nossos influenciadores durante os eventos. Com a nossa equipa de marqueteiros experientes, ligamos a sua marca aos influenciadores que se adequam ao posicionamento da sua marca. Tamb\u00e9m fornecemos conceitos impressionantes para tornar a sua marca influente entre o seu grupo-alvo. Veja a nossa carteira de criadores de conte\u00fados no website e sinta-se \u00e0 vontade para perguntar sobre as possibilidades!<\/p>\n<p><strong>NOVO<br \/>\nGo Social Businessclub; \u00e9 voc\u00ea aquele empreendedor equestre que quer continuar a aprender sobre empreendedorismo no sector?<\/strong><br \/>\nDepois junte-se ao Go Social Business Club: o clube de networking para e por empres\u00e1rios equestres!<\/p>\n<p><strong>O que esperar;<br \/>\n<\/strong>Cerca de 5 vezes por ano, s\u00e3o organizadas reuni\u00f5es para membros de clubes de neg\u00f3cios. Aqui, oradores vir\u00e3o e ensinar-lhe-\u00e3o sobre todos os tipos de aspectos do empreendedorismo: mentalidade, contar hist\u00f3rias, marketing e mais! Naturalmente, isto tamb\u00e9m depende do que \u00e9 solicitado entre os membros. Al\u00e9m disso, ser\u00e1 dado tempo para fazer uma tempestade de ideias com outros empres\u00e1rios sobre os problemas que enfrenta no seu neg\u00f3cio, os objectivos que tem para o seu neg\u00f3cio para o pr\u00f3ximo ano e como vai atingir esses objectivos! Cada reuni\u00e3o terminar\u00e1 com uma bebida de rede! Esta \u00e9 a oportunidade para voc\u00ea se ligar em rede com outros empreendedores. Vai conhecer novas pessoas e quem sabe, talvez surjam algumas grandes colabora\u00e7\u00f5es!<\/p>\n<p>O Go Social Business Club \u00e9 o lugar para os empres\u00e1rios equestres que querem fazer crescer o seu neg\u00f3cio, aprender mais sobre empreendedorismo e estabelecer uma rede com outros empres\u00e1rios equestres!<\/p>\n<\/div><\/section><br \/>\n\n<style type=\"text\/css\" data-created_by=\"avia_inline_auto\" id=\"style-css-av-kk5cfahg-9a63d5cacdc0a398eb8ec848b367e782\">\n#top .hr.hr-invisible.av-kk5cfahg-9a63d5cacdc0a398eb8ec848b367e782{\nheight:15px;\n}\n<\/style>\n<div  class='hr av-kk5cfahg-9a63d5cacdc0a398eb8ec848b367e782 hr-invisible  avia-builder-el-5  el_after_av_textblock  el_before_av_button'><span class='hr-inner'><span class=\"hr-inner-style\"><\/span><\/span><\/div><br \/>\n<div  class='avia-button-wrap av-kk5bynv3-72b531961e0c319ae0f5ef462e027eb5-wrap avia-button-left  avia-builder-el-6  el_after_av_hr  el_before_av_button'><a href='https:\/\/www.gosocialmedia.nl\/'  class='avia-button av-kk5bynv3-72b531961e0c319ae0f5ef462e027eb5 av-link-btn avia-icon_select-no avia-size-medium avia-position-left avia-color-theme-color'  target=\"_blank\"  rel=\"noopener noreferrer\"  aria-label=\"Quer saber mais? Gosocialmedia.co.uk\"><span class='avia_iconbox_title' >Quer saber mais? Gosocialmedia.co.uk<\/span><\/a><\/div><br \/>\n<div  class='avia-button-wrap av-km39rw9s-fc8c4e02d943ec56759711aceb92ab88-wrap avia-button-left  avia-builder-el-7  el_after_av_button  avia-builder-el-last'><a href='https:\/\/www.gosocialmedia.nl\/business-club\/'  class='avia-button av-km39rw9s-fc8c4e02d943ec56759711aceb92ab88 av-link-btn avia-icon_select-no avia-size-medium avia-position-left avia-color-theme-color'  target=\"_blank\"  rel=\"noopener noreferrer\"  aria-label=\"Registar BUSINESSCLUB\"><span class='avia_iconbox_title' >Registar BUSINESSCLUB<\/span><\/a><\/div><\/p><\/div>\n<style type=\"text\/css\" data-created_by=\"avia_inline_auto\" id=\"style-css-av-1ml2d-caa038e3bb1033ebc080d062fff30486\">\n.flex_column.av-1ml2d-caa038e3bb1033ebc080d062fff30486{\nborder-radius:0px 0px 0px 0px;\npadding:0px 0px 0px 0px;\n}\n<\/style>\n<div  class='flex_column av-1ml2d-caa038e3bb1033ebc080d062fff30486 av_one_fifth  avia-builder-el-8  el_after_av_three_fifth  el_before_av_one_full  flex_column_div av-zero-column-padding'     ><\/div>\n<style type=\"text\/css\" data-created_by=\"avia_inline_auto\" id=\"style-css-av-o3xt-97aed7888ceeb3eb1e87aea90a9b7ce5\">\n#top .flex_column.av-o3xt-97aed7888ceeb3eb1e87aea90a9b7ce5{\nmargin-top:50px;\nmargin-bottom:60px;\n}\n.flex_column.av-o3xt-97aed7888ceeb3eb1e87aea90a9b7ce5{\nborder-radius:0px 0px 0px 0px;\npadding:0px 0px 0px 0px;\n}\n.responsive #top #wrap_all .flex_column.av-o3xt-97aed7888ceeb3eb1e87aea90a9b7ce5{\nmargin-top:50px;\nmargin-bottom:60px;\n}\n<\/style>\n<div  class='flex_column av-o3xt-97aed7888ceeb3eb1e87aea90a9b7ce5 av_one_full  avia-builder-el-9  el_after_av_one_fifth  avia-builder-el-last  first flex_column_div av-zero-column-padding  column-top-margin'     ><style type=\"text\/css\" data-created_by=\"avia_inline_auto\" id=\"style-css-av-kk5c7bms-dd2bf9c3987b5362fb341b65375c57ad\">\n#top .avia-gallery.av-kk5c7bms-dd2bf9c3987b5362fb341b65375c57ad .avia-gallery-thumb a{\nwidth:33.3333%;\n}\n<\/style>\n<div  class='avia-gallery av-kk5c7bms-dd2bf9c3987b5362fb341b65375c57ad avia_animate_when_visible  avia-builder-el-10  avia-builder-el-no-sibling  deactivate_avia_lazyload avia-gallery-animate avia-gallery-1'  itemprop=\"image\" itemscope=\"itemscope\" itemtype=\"https:\/\/schema.org\/ImageObject\" ><meta itemprop=\"contentURL\" content=\"https:\/\/www.ehscommunications.com\/pt\/gosocial\/\"><div class='avia-gallery-thumb'><a href=\"https:\/\/www.ehscommunications.com\/wp-content\/uploads\/2021\/02\/1X5A1251-1030x687.jpg\" data-srcset=\"https:\/\/www.ehscommunications.com\/wp-content\/uploads\/2021\/02\/1X5A1251-1030x687.jpg 1030w, https:\/\/www.ehscommunications.com\/wp-content\/uploads\/2021\/02\/1X5A1251-300x200.jpg 300w, https:\/\/www.ehscommunications.com\/wp-content\/uploads\/2021\/02\/1X5A1251-768x512.jpg 768w, https:\/\/www.ehscommunications.com\/wp-content\/uploads\/2021\/02\/1X5A1251-705x470.jpg 705w, https:\/\/www.ehscommunications.com\/wp-content\/uploads\/2021\/02\/1X5A1251.jpg 1080w\" data-sizes=\"(max-width: 1030px) 100vw, 1030px\" data-rel='gallery-1' data-prev-img='https:\/\/www.ehscommunications.com\/wp-content\/uploads\/2021\/02\/1X5A1251-495x400.jpg' class='first_thumb lightbox' data-onclick='1' title='1X5A1251'  itemprop=\"thumbnailUrl\"  ><img decoding=\"async\" fetchpriority=\"high\" class=\"wp-image-504 avia-img-lazy-loading-not-504\"   src=\"https:\/\/www.ehscommunications.com\/wp-content\/uploads\/2021\/02\/1X5A1251.jpg\" width=\"1080\" height=\"720\"  title='1X5A1251' alt='' srcset=\"https:\/\/www.ehscommunications.com\/wp-content\/uploads\/2021\/02\/1X5A1251.jpg 1080w, https:\/\/www.ehscommunications.com\/wp-content\/uploads\/2021\/02\/1X5A1251-300x200.jpg 300w, https:\/\/www.ehscommunications.com\/wp-content\/uploads\/2021\/02\/1X5A1251-1030x687.jpg 1030w, https:\/\/www.ehscommunications.com\/wp-content\/uploads\/2021\/02\/1X5A1251-768x512.jpg 768w, https:\/\/www.ehscommunications.com\/wp-content\/uploads\/2021\/02\/1X5A1251-705x470.jpg 705w\" sizes=\"(max-width: 1080px) 100vw, 1080px\" \/><div class='big-prev-fake'><img decoding=\"async\" loading=\"lazy\" class=\"wp-image-504 avia-img-lazy-loading-504\"  width=\"495\" height=\"400\" src=\"https:\/\/www.ehscommunications.com\/wp-content\/uploads\/2021\/02\/1X5A1251-495x400.jpg\" title='1X5A1251' alt='' srcset=\"https:\/\/www.ehscommunications.com\/wp-content\/uploads\/2021\/02\/1X5A1251-495x400.jpg 495w, https:\/\/www.ehscommunications.com\/wp-content\/uploads\/2021\/02\/1X5A1251-845x684.jpg 845w\" sizes=\"auto, (max-width: 495px) 100vw, 495px\" \/><\/div><\/a><a href=\"https:\/\/www.ehscommunications.com\/wp-content\/uploads\/2024\/03\/Go-social-party-2023-172-1030x686.jpg\" data-srcset=\"https:\/\/www.ehscommunications.com\/wp-content\/uploads\/2024\/03\/Go-social-party-2023-172-1030x686.jpg 1030w, https:\/\/www.ehscommunications.com\/wp-content\/uploads\/2024\/03\/Go-social-party-2023-172-300x200.jpg 300w, https:\/\/www.ehscommunications.com\/wp-content\/uploads\/2024\/03\/Go-social-party-2023-172-768x512.jpg 768w, https:\/\/www.ehscommunications.com\/wp-content\/uploads\/2024\/03\/Go-social-party-2023-172-18x12.jpg 18w, https:\/\/www.ehscommunications.com\/wp-content\/uploads\/2024\/03\/Go-social-party-2023-172-705x470.jpg 705w, https:\/\/www.ehscommunications.com\/wp-content\/uploads\/2024\/03\/Go-social-party-2023-172.jpg 1400w\" data-sizes=\"(max-width: 1030px) 100vw, 1030px\" data-rel='gallery-1' data-prev-img='https:\/\/www.ehscommunications.com\/wp-content\/uploads\/2024\/03\/Go-social-party-2023-172-495x400.jpg' class='lightbox' data-onclick='2' title='Go social party 2023 172'  itemprop=\"thumbnailUrl\"  ><img decoding=\"async\" fetchpriority=\"high\" class=\"wp-image-2219 avia-img-lazy-loading-not-2219\"   src=\"https:\/\/www.ehscommunications.com\/wp-content\/uploads\/2024\/03\/Go-social-party-2023-172.jpg\" width=\"1400\" height=\"933\"  title='Go social party 2023 172' alt='' srcset=\"https:\/\/www.ehscommunications.com\/wp-content\/uploads\/2024\/03\/Go-social-party-2023-172.jpg 1400w, https:\/\/www.ehscommunications.com\/wp-content\/uploads\/2024\/03\/Go-social-party-2023-172-300x200.jpg 300w, https:\/\/www.ehscommunications.com\/wp-content\/uploads\/2024\/03\/Go-social-party-2023-172-1030x686.jpg 1030w, https:\/\/www.ehscommunications.com\/wp-content\/uploads\/2024\/03\/Go-social-party-2023-172-768x512.jpg 768w, https:\/\/www.ehscommunications.com\/wp-content\/uploads\/2024\/03\/Go-social-party-2023-172-18x12.jpg 18w, https:\/\/www.ehscommunications.com\/wp-content\/uploads\/2024\/03\/Go-social-party-2023-172-705x470.jpg 705w\" sizes=\"(max-width: 1400px) 100vw, 1400px\" \/><div class='big-prev-fake'><img decoding=\"async\" loading=\"lazy\" class=\"wp-image-2219 avia-img-lazy-loading-2219\"  width=\"495\" height=\"400\" src=\"https:\/\/www.ehscommunications.com\/wp-content\/uploads\/2024\/03\/Go-social-party-2023-172-495x400.jpg\" title='Go social party 2023 172' alt='' srcset=\"https:\/\/www.ehscommunications.com\/wp-content\/uploads\/2024\/03\/Go-social-party-2023-172-495x400.jpg 495w, https:\/\/www.ehscommunications.com\/wp-content\/uploads\/2024\/03\/Go-social-party-2023-172-845x684.jpg 845w\" sizes=\"auto, (max-width: 495px) 100vw, 495px\" \/><\/div><\/a><a href=\"https:\/\/www.ehscommunications.com\/wp-content\/uploads\/2024\/03\/Go-social-party-2023-256-1030x686.jpg\" data-srcset=\"https:\/\/www.ehscommunications.com\/wp-content\/uploads\/2024\/03\/Go-social-party-2023-256-1030x686.jpg 1030w, https:\/\/www.ehscommunications.com\/wp-content\/uploads\/2024\/03\/Go-social-party-2023-256-300x200.jpg 300w, https:\/\/www.ehscommunications.com\/wp-content\/uploads\/2024\/03\/Go-social-party-2023-256-768x512.jpg 768w, https:\/\/www.ehscommunications.com\/wp-content\/uploads\/2024\/03\/Go-social-party-2023-256-18x12.jpg 18w, https:\/\/www.ehscommunications.com\/wp-content\/uploads\/2024\/03\/Go-social-party-2023-256-705x470.jpg 705w, https:\/\/www.ehscommunications.com\/wp-content\/uploads\/2024\/03\/Go-social-party-2023-256.jpg 1400w\" data-sizes=\"(max-width: 1030px) 100vw, 1030px\" data-rel='gallery-1' data-prev-img='https:\/\/www.ehscommunications.com\/wp-content\/uploads\/2024\/03\/Go-social-party-2023-256-495x400.jpg' class='lightbox' data-onclick='3' title='Go social party 2023 256'  itemprop=\"thumbnailUrl\"  ><img decoding=\"async\" fetchpriority=\"high\" class=\"wp-image-2220 avia-img-lazy-loading-not-2220\"   src=\"https:\/\/www.ehscommunications.com\/wp-content\/uploads\/2024\/03\/Go-social-party-2023-256.jpg\" width=\"1400\" height=\"933\"  title='Go social party 2023 256' alt='' srcset=\"https:\/\/www.ehscommunications.com\/wp-content\/uploads\/2024\/03\/Go-social-party-2023-256.jpg 1400w, https:\/\/www.ehscommunications.com\/wp-content\/uploads\/2024\/03\/Go-social-party-2023-256-300x200.jpg 300w, https:\/\/www.ehscommunications.com\/wp-content\/uploads\/2024\/03\/Go-social-party-2023-256-1030x686.jpg 1030w, https:\/\/www.ehscommunications.com\/wp-content\/uploads\/2024\/03\/Go-social-party-2023-256-768x512.jpg 768w, https:\/\/www.ehscommunications.com\/wp-content\/uploads\/2024\/03\/Go-social-party-2023-256-18x12.jpg 18w, https:\/\/www.ehscommunications.com\/wp-content\/uploads\/2024\/03\/Go-social-party-2023-256-705x470.jpg 705w\" sizes=\"(max-width: 1400px) 100vw, 1400px\" \/><div class='big-prev-fake'><img decoding=\"async\" loading=\"lazy\" class=\"wp-image-2220 avia-img-lazy-loading-2220\"  width=\"495\" height=\"400\" src=\"https:\/\/www.ehscommunications.com\/wp-content\/uploads\/2024\/03\/Go-social-party-2023-256-495x400.jpg\" title='Go social party 2023 256' alt='' srcset=\"https:\/\/www.ehscommunications.com\/wp-content\/uploads\/2024\/03\/Go-social-party-2023-256-495x400.jpg 495w, https:\/\/www.ehscommunications.com\/wp-content\/uploads\/2024\/03\/Go-social-party-2023-256-845x684.jpg 845w\" sizes=\"auto, (max-width: 495px) 100vw, 495px\" \/><\/div><\/a><a href=\"https:\/\/www.ehscommunications.com\/wp-content\/uploads\/2024\/03\/Go-social-party-2023-261-1030x686.jpg\" data-srcset=\"https:\/\/www.ehscommunications.com\/wp-content\/uploads\/2024\/03\/Go-social-party-2023-261-1030x686.jpg 1030w, https:\/\/www.ehscommunications.com\/wp-content\/uploads\/2024\/03\/Go-social-party-2023-261-300x200.jpg 300w, https:\/\/www.ehscommunications.com\/wp-content\/uploads\/2024\/03\/Go-social-party-2023-261-768x512.jpg 768w, https:\/\/www.ehscommunications.com\/wp-content\/uploads\/2024\/03\/Go-social-party-2023-261-18x12.jpg 18w, https:\/\/www.ehscommunications.com\/wp-content\/uploads\/2024\/03\/Go-social-party-2023-261-705x470.jpg 705w, https:\/\/www.ehscommunications.com\/wp-content\/uploads\/2024\/03\/Go-social-party-2023-261.jpg 1400w\" data-sizes=\"(max-width: 1030px) 100vw, 1030px\" data-rel='gallery-1' data-prev-img='https:\/\/www.ehscommunications.com\/wp-content\/uploads\/2024\/03\/Go-social-party-2023-261-495x400.jpg' class='first_thumb lightbox' data-onclick='4' title='Go social party 2023 261'  itemprop=\"thumbnailUrl\"  ><img decoding=\"async\" fetchpriority=\"high\" class=\"wp-image-2221 avia-img-lazy-loading-not-2221\"   src=\"https:\/\/www.ehscommunications.com\/wp-content\/uploads\/2024\/03\/Go-social-party-2023-261.jpg\" width=\"1400\" height=\"933\"  title='Go social party 2023 261' alt='' srcset=\"https:\/\/www.ehscommunications.com\/wp-content\/uploads\/2024\/03\/Go-social-party-2023-261.jpg 1400w, https:\/\/www.ehscommunications.com\/wp-content\/uploads\/2024\/03\/Go-social-party-2023-261-300x200.jpg 300w, https:\/\/www.ehscommunications.com\/wp-content\/uploads\/2024\/03\/Go-social-party-2023-261-1030x686.jpg 1030w, https:\/\/www.ehscommunications.com\/wp-content\/uploads\/2024\/03\/Go-social-party-2023-261-768x512.jpg 768w, https:\/\/www.ehscommunications.com\/wp-content\/uploads\/2024\/03\/Go-social-party-2023-261-18x12.jpg 18w, https:\/\/www.ehscommunications.com\/wp-content\/uploads\/2024\/03\/Go-social-party-2023-261-705x470.jpg 705w\" sizes=\"(max-width: 1400px) 100vw, 1400px\" \/><div class='big-prev-fake'><img decoding=\"async\" loading=\"lazy\" class=\"wp-image-2221 avia-img-lazy-loading-2221\"  width=\"495\" height=\"400\" src=\"https:\/\/www.ehscommunications.com\/wp-content\/uploads\/2024\/03\/Go-social-party-2023-261-495x400.jpg\" title='Go social party 2023 261' alt='' srcset=\"https:\/\/www.ehscommunications.com\/wp-content\/uploads\/2024\/03\/Go-social-party-2023-261-495x400.jpg 495w, https:\/\/www.ehscommunications.com\/wp-content\/uploads\/2024\/03\/Go-social-party-2023-261-845x684.jpg 845w\" sizes=\"auto, (max-width: 495px) 100vw, 495px\" \/><\/div><\/a><a href=\"https:\/\/www.ehscommunications.com\/wp-content\/uploads\/2024\/03\/Go-social-party-2023-369-1030x686.jpg\" data-srcset=\"https:\/\/www.ehscommunications.com\/wp-content\/uploads\/2024\/03\/Go-social-party-2023-369-1030x686.jpg 1030w, https:\/\/www.ehscommunications.com\/wp-content\/uploads\/2024\/03\/Go-social-party-2023-369-300x200.jpg 300w, https:\/\/www.ehscommunications.com\/wp-content\/uploads\/2024\/03\/Go-social-party-2023-369-768x512.jpg 768w, https:\/\/www.ehscommunications.com\/wp-content\/uploads\/2024\/03\/Go-social-party-2023-369-18x12.jpg 18w, https:\/\/www.ehscommunications.com\/wp-content\/uploads\/2024\/03\/Go-social-party-2023-369-705x470.jpg 705w, https:\/\/www.ehscommunications.com\/wp-content\/uploads\/2024\/03\/Go-social-party-2023-369.jpg 1400w\" data-sizes=\"(max-width: 1030px) 100vw, 1030px\" data-rel='gallery-1' data-prev-img='https:\/\/www.ehscommunications.com\/wp-content\/uploads\/2024\/03\/Go-social-party-2023-369-495x400.jpg' class='lightbox' data-onclick='5' title='Go social party 2023 369'  itemprop=\"thumbnailUrl\"  ><img decoding=\"async\" fetchpriority=\"high\" class=\"wp-image-2222 avia-img-lazy-loading-not-2222\"   src=\"https:\/\/www.ehscommunications.com\/wp-content\/uploads\/2024\/03\/Go-social-party-2023-369.jpg\" width=\"1400\" height=\"933\"  title='Go social party 2023 369' alt='' srcset=\"https:\/\/www.ehscommunications.com\/wp-content\/uploads\/2024\/03\/Go-social-party-2023-369.jpg 1400w, https:\/\/www.ehscommunications.com\/wp-content\/uploads\/2024\/03\/Go-social-party-2023-369-300x200.jpg 300w, https:\/\/www.ehscommunications.com\/wp-content\/uploads\/2024\/03\/Go-social-party-2023-369-1030x686.jpg 1030w, https:\/\/www.ehscommunications.com\/wp-content\/uploads\/2024\/03\/Go-social-party-2023-369-768x512.jpg 768w, https:\/\/www.ehscommunications.com\/wp-content\/uploads\/2024\/03\/Go-social-party-2023-369-18x12.jpg 18w, https:\/\/www.ehscommunications.com\/wp-content\/uploads\/2024\/03\/Go-social-party-2023-369-705x470.jpg 705w\" sizes=\"(max-width: 1400px) 100vw, 1400px\" \/><div class='big-prev-fake'><img decoding=\"async\" loading=\"lazy\" class=\"wp-image-2222 avia-img-lazy-loading-2222\"  width=\"495\" height=\"400\" src=\"https:\/\/www.ehscommunications.com\/wp-content\/uploads\/2024\/03\/Go-social-party-2023-369-495x400.jpg\" title='Go social party 2023 369' alt='' srcset=\"https:\/\/www.ehscommunications.com\/wp-content\/uploads\/2024\/03\/Go-social-party-2023-369-495x400.jpg 495w, https:\/\/www.ehscommunications.com\/wp-content\/uploads\/2024\/03\/Go-social-party-2023-369-845x684.jpg 845w\" sizes=\"auto, (max-width: 495px) 100vw, 495px\" \/><\/div><\/a><a href=\"https:\/\/www.ehscommunications.com\/wp-content\/uploads\/2024\/03\/RIANT@Contrast.fotografie-8545-1030x688.jpg\" data-srcset=\"https:\/\/www.ehscommunications.com\/wp-content\/uploads\/2024\/03\/RIANT@Contrast.fotografie-8545-1030x688.jpg 1030w, https:\/\/www.ehscommunications.com\/wp-content\/uploads\/2024\/03\/RIANT@Contrast.fotografie-8545-300x200.jpg 300w, https:\/\/www.ehscommunications.com\/wp-content\/uploads\/2024\/03\/RIANT@Contrast.fotografie-8545-768x513.jpg 768w, https:\/\/www.ehscommunications.com\/wp-content\/uploads\/2024\/03\/RIANT@Contrast.fotografie-8545-1536x1025.jpg 1536w, https:\/\/www.ehscommunications.com\/wp-content\/uploads\/2024\/03\/RIANT@Contrast.fotografie-8545-18x12.jpg 18w, https:\/\/www.ehscommunications.com\/wp-content\/uploads\/2024\/03\/RIANT@Contrast.fotografie-8545-1500x1001.jpg 1500w, https:\/\/www.ehscommunications.com\/wp-content\/uploads\/2024\/03\/RIANT@Contrast.fotografie-8545-705x471.jpg 705w, https:\/\/www.ehscommunications.com\/wp-content\/uploads\/2024\/03\/RIANT@Contrast.fotografie-8545.jpg 2000w\" data-sizes=\"(max-width: 1030px) 100vw, 1030px\" data-rel='gallery-1' data-prev-img='https:\/\/www.ehscommunications.com\/wp-content\/uploads\/2024\/03\/RIANT@Contrast.fotografie-8545-495x400.jpg' class='lightbox' data-onclick='6' title='RIANT@Contrast.fotografie-8545'  itemprop=\"thumbnailUrl\"  ><img decoding=\"async\" fetchpriority=\"high\" class=\"wp-image-2225 avia-img-lazy-loading-not-2225\"   src=\"https:\/\/www.ehscommunications.com\/wp-content\/uploads\/2024\/03\/RIANT@Contrast.fotografie-8545.jpg\" width=\"2000\" height=\"1335\"  title='RIANT@Contrast.fotografie-8545' alt='' srcset=\"https:\/\/www.ehscommunications.com\/wp-content\/uploads\/2024\/03\/RIANT@Contrast.fotografie-8545.jpg 2000w, https:\/\/www.ehscommunications.com\/wp-content\/uploads\/2024\/03\/RIANT@Contrast.fotografie-8545-300x200.jpg 300w, https:\/\/www.ehscommunications.com\/wp-content\/uploads\/2024\/03\/RIANT@Contrast.fotografie-8545-1030x688.jpg 1030w, https:\/\/www.ehscommunications.com\/wp-content\/uploads\/2024\/03\/RIANT@Contrast.fotografie-8545-768x513.jpg 768w, https:\/\/www.ehscommunications.com\/wp-content\/uploads\/2024\/03\/RIANT@Contrast.fotografie-8545-1536x1025.jpg 1536w, https:\/\/www.ehscommunications.com\/wp-content\/uploads\/2024\/03\/RIANT@Contrast.fotografie-8545-18x12.jpg 18w, https:\/\/www.ehscommunications.com\/wp-content\/uploads\/2024\/03\/RIANT@Contrast.fotografie-8545-1500x1001.jpg 1500w, https:\/\/www.ehscommunications.com\/wp-content\/uploads\/2024\/03\/RIANT@Contrast.fotografie-8545-705x471.jpg 705w\" sizes=\"(max-width: 2000px) 100vw, 2000px\" \/><div class='big-prev-fake'><img decoding=\"async\" loading=\"lazy\" class=\"wp-image-2225 avia-img-lazy-loading-2225\"  width=\"495\" height=\"400\" src=\"https:\/\/www.ehscommunications.com\/wp-content\/uploads\/2024\/03\/RIANT@Contrast.fotografie-8545-495x400.jpg\" title='RIANT@Contrast.fotografie-8545' alt='' srcset=\"https:\/\/www.ehscommunications.com\/wp-content\/uploads\/2024\/03\/RIANT@Contrast.fotografie-8545-495x400.jpg 495w, https:\/\/www.ehscommunications.com\/wp-content\/uploads\/2024\/03\/RIANT@Contrast.fotografie-8545-845x684.jpg 845w\" sizes=\"auto, (max-width: 495px) 100vw, 495px\" \/><\/div><\/a><\/div><\/div><\/div>","protected":false},"excerpt":{"rendered":"","protected":false},"author":1,"featured_media":0,"parent":0,"menu_order":0,"comment_status":"closed","ping_status":"closed","template":"","meta":{"_monsterinsights_skip_tracking":false,"_monsterinsights_sitenote_active":false,"_monsterinsights_sitenote_note":"","_monsterinsights_sitenote_category":0,"footnotes":""},"class_list":["post-49","page","type-page","status-publish","hentry"],"_links":{"self":[{"href":"https:\/\/www.ehscommunications.com\/pt\/wp-json\/wp\/v2\/pages\/49","targetHints":{"allow":["GET"]}}],"collection":[{"href":"https:\/\/www.ehscommunications.com\/pt\/wp-json\/wp\/v2\/pages"}],"about":[{"href":"https:\/\/www.ehscommunications.com\/pt\/wp-json\/wp\/v2\/types\/page"}],"author":[{"embeddable":true,"href":"https:\/\/www.ehscommunications.com\/pt\/wp-json\/wp\/v2\/users\/1"}],"replies":[{"embeddable":true,"href":"https:\/\/www.ehscommunications.com\/pt\/wp-json\/wp\/v2\/comments?post=49"}],"version-history":[{"count":22,"href":"https:\/\/www.ehscommunications.com\/pt\/wp-json\/wp\/v2\/pages\/49\/revisions"}],"predecessor-version":[{"id":2224,"href":"https:\/\/www.ehscommunications.com\/pt\/wp-json\/wp\/v2\/pages\/49\/revisions\/2224"}],"wp:attachment":[{"href":"https:\/\/www.ehscommunications.com\/pt\/wp-json\/wp\/v2\/media?parent=49"}],"curies":[{"name":"wp","href":"https:\/\/api.w.org\/{rel}","templated":true}]}}