{"id":871,"date":"2021-02-05T09:17:43","date_gmt":"2021-02-05T09:17:43","guid":{"rendered":"https:\/\/www.ehscommunications.com\/?page_id=871"},"modified":"2024-03-18T07:58:36","modified_gmt":"2024-03-18T07:58:36","slug":"podcast-horse-heroes","status":"publish","type":"page","link":"https:\/\/www.ehscommunications.com\/pt\/podcast-horse-heroes\/","title":{"rendered":"Podcast de her\u00f3is a cavalo"},"content":{"rendered":"<style type=\"text\/css\" data-created_by=\"avia_inline_auto\" id=\"style-css-av-kk5c63fu-45ed955a3e5dba63ed682dce50a4f124\">\n.avia-section.av-kk5c63fu-45ed955a3e5dba63ed682dce50a4f124{\nbackground-repeat:no-repeat;\nbackground-image:url(https:\/\/www.ehscommunications.com\/wp-content\/uploads\/2021\/01\/kickstart-scaled.jpg);\nbackground-position:0% 0%;\nbackground-attachment:scroll;\n}\n<\/style>\n<div id='av_section_1'  class='avia-section av-kk5c63fu-45ed955a3e5dba63ed682dce50a4f124 main_color avia-section-default avia-no-border-styling  avia-builder-el-0  el_before_av_section  avia-builder-el-first  avia-full-stretch avia-bg-style-scroll av-minimum-height av-minimum-height-custom av-height-custom  container_wrap fullsize'  data-section-bg-repeat='stretch' data-av_minimum_height_px='240'><div class='container av-section-cont-open' style='height:240px'><main  role=\"main\" itemprop=\"mainContentOfPage\"  class='template-page content  av-content-full alpha units'><div class='post-entry post-entry-type-page post-entry-871'><div class='entry-content-wrapper clearfix'>\n\n<style type=\"text\/css\" data-created_by=\"avia_inline_auto\" id=\"style-css-av-irzri-a3da90164cf6dfa9aef5f4ca16b15578\">\n.flex_column.av-irzri-a3da90164cf6dfa9aef5f4ca16b15578{\nborder-radius:0px 0px 0px 0px;\npadding:0px 0px 0px 0px;\n}\n<\/style>\n<div  class='flex_column av-irzri-a3da90164cf6dfa9aef5f4ca16b15578 av_one_third  avia-builder-el-1  el_before_av_one_third  avia-builder-el-first  first flex_column_div av-zero-column-padding'     ><\/div>\n<style type=\"text\/css\" data-created_by=\"avia_inline_auto\" id=\"style-css-av-dhd3y-bb672f11581047778dd3328dcb6e97f9\">\n.flex_column.av-dhd3y-bb672f11581047778dd3328dcb6e97f9{\nborder-radius:0px 0px 0px 0px;\npadding:0px 0px 0px 0px;\n}\n<\/style>\n<div  class='flex_column av-dhd3y-bb672f11581047778dd3328dcb6e97f9 av_one_third  avia-builder-el-2  el_after_av_one_third  el_before_av_one_third  flex_column_div av-zero-column-padding'     ><style type=\"text\/css\" data-created_by=\"avia_inline_auto\" id=\"style-css-av-kkip4u24-7de51076c9ec59acb71d30576814ee2b\">\n.avia-image-container.av-kkip4u24-7de51076c9ec59acb71d30576814ee2b img.avia_image{\nbox-shadow:none;\n}\n.avia-image-container.av-kkip4u24-7de51076c9ec59acb71d30576814ee2b .av-image-caption-overlay-center{\ncolor:#ffffff;\n}\n<\/style>\n<div  class='avia-image-container av-kkip4u24-7de51076c9ec59acb71d30576814ee2b av-styling-no-styling avia_animated_image av-animated-when-visible-95 fade-in avia-align-center  avia-builder-el-3  avia-builder-el-no-sibling'   itemprop=\"image\" itemscope=\"itemscope\" itemtype=\"https:\/\/schema.org\/ImageObject\" ><div class=\"avia-image-container-inner\"><div class=\"avia-image-overlay-wrap\"><img decoding=\"async\" fetchpriority=\"high\" class='wp-image-391 avia-img-lazy-loading-not-391 avia_image' src=\"https:\/\/www.ehscommunications.com\/wp-content\/uploads\/2021\/01\/HorseHeroes-diap.png\" alt='' title='HorseHeroes-diap'  height=\"143\" width=\"469\"  itemprop=\"thumbnailUrl\" srcset=\"https:\/\/www.ehscommunications.com\/wp-content\/uploads\/2021\/01\/HorseHeroes-diap.png 469w, https:\/\/www.ehscommunications.com\/wp-content\/uploads\/2021\/01\/HorseHeroes-diap-300x91.png 300w\" sizes=\"(max-width: 469px) 100vw, 469px\" \/><\/div><\/div><\/div><\/div>\n<style type=\"text\/css\" data-created_by=\"avia_inline_auto\" id=\"style-css-av-au4va-418f3350dd629fc2752da75606d02173\">\n.flex_column.av-au4va-418f3350dd629fc2752da75606d02173{\nborder-radius:0px 0px 0px 0px;\npadding:0px 0px 0px 0px;\n}\n<\/style>\n<div  class='flex_column av-au4va-418f3350dd629fc2752da75606d02173 av_one_third  avia-builder-el-4  el_after_av_one_third  avia-builder-el-last  flex_column_div av-zero-column-padding'     ><\/div>\n\n<\/div><\/div><\/main><!-- close content main element --><\/div><\/div><div id='av_section_2'  class='avia-section av-3iou9-659ff2ef493f353d57087f8503265c89 main_color avia-section-default avia-no-border-styling  avia-builder-el-5  el_after_av_section  avia-builder-el-last  avia-bg-style-scroll container_wrap fullsize'  ><div class='container av-section-cont-open' ><div class='template-page content  av-content-full alpha units'><div class='post-entry post-entry-type-page post-entry-871'><div class='entry-content-wrapper clearfix'>\n\n<style type=\"text\/css\" data-created_by=\"avia_inline_auto\" id=\"style-css-av-2x2d9-08222e06a43cc672e2e1ea9d15cab535\">\n.flex_column.av-2x2d9-08222e06a43cc672e2e1ea9d15cab535{\nborder-radius:0px 0px 0px 0px;\npadding:0px 0px 0px 0px;\n}\n<\/style>\n<div  class='flex_column av-2x2d9-08222e06a43cc672e2e1ea9d15cab535 av_one_fifth  avia-builder-el-6  el_before_av_three_fifth  avia-builder-el-first  first flex_column_div av-zero-column-padding'     ><style type=\"text\/css\" data-created_by=\"avia_inline_auto\" id=\"style-css-av-kkqnrokv-d0d3281141775ee3fc0b5ffae1d5286e\">\n.avia-image-container.av-kkqnrokv-d0d3281141775ee3fc0b5ffae1d5286e img.avia_image{\nbox-shadow:none;\n}\n.avia-image-container.av-kkqnrokv-d0d3281141775ee3fc0b5ffae1d5286e .av-image-caption-overlay-center{\ncolor:#ffffff;\n}\n<\/style>\n<div  class='avia-image-container av-kkqnrokv-d0d3281141775ee3fc0b5ffae1d5286e av-styling- avia-align-center  avia-builder-el-7  avia-builder-el-no-sibling'   itemprop=\"image\" itemscope=\"itemscope\" itemtype=\"https:\/\/schema.org\/ImageObject\" ><div class=\"avia-image-container-inner\"><div class=\"avia-image-overlay-wrap\"><img decoding=\"async\" fetchpriority=\"high\" class='wp-image-2228 avia-img-lazy-loading-not-2228 avia_image' src=\"https:\/\/www.ehscommunications.com\/wp-content\/uploads\/2024\/03\/HH-new-thumbnail.png\" alt='' title='HH nova miniatura'  height=\"591\" width=\"591\"  itemprop=\"thumbnailUrl\" srcset=\"https:\/\/www.ehscommunications.com\/wp-content\/uploads\/2024\/03\/HH-new-thumbnail.png 591w, https:\/\/www.ehscommunications.com\/wp-content\/uploads\/2024\/03\/HH-new-thumbnail-300x300.png 300w, https:\/\/www.ehscommunications.com\/wp-content\/uploads\/2024\/03\/HH-new-thumbnail-80x80.png 80w, https:\/\/www.ehscommunications.com\/wp-content\/uploads\/2024\/03\/HH-new-thumbnail-12x12.png 12w, https:\/\/www.ehscommunications.com\/wp-content\/uploads\/2024\/03\/HH-new-thumbnail-36x36.png 36w, https:\/\/www.ehscommunications.com\/wp-content\/uploads\/2024\/03\/HH-new-thumbnail-180x180.png 180w\" sizes=\"(max-width: 591px) 100vw, 591px\" \/><\/div><\/div><\/div><\/div>\n<style type=\"text\/css\" data-created_by=\"avia_inline_auto\" id=\"style-css-av-21a2t-7b7b8485aa2a3c58baddc6dbcfc5a871\">\n.flex_column.av-21a2t-7b7b8485aa2a3c58baddc6dbcfc5a871{\nborder-radius:0px 0px 0px 0px;\npadding:10px 0px 10px 0px;\n}\n<\/style>\n<div  class='flex_column av-21a2t-7b7b8485aa2a3c58baddc6dbcfc5a871 av_three_fifth  avia-builder-el-8  el_after_av_one_fifth  el_before_av_one_fifth  flex_column_div'     ><section  class='av_textblock_section av-kk5by6wz-29e3929890b8b06a03eb962d0e48a365'   itemscope=\"itemscope\" itemtype=\"https:\/\/schema.org\/CreativeWork\" ><div class='avia_textblock'  itemprop=\"text\" ><h1 style=\"color: #441943;\">Podcast \"HorseHeroes\"<\/h1>\n<p><span style=\"color: #e40f6e;\"><span style=\"font-size: 20px;\">A ind\u00fastria equestre, o mundo m\u00e1gico que fascina incessantemente, \u00e9 um mundo com uma atmosfera e uma linguagem espec\u00edficas. Eu respiro essa atmosfera. Eu falo a l\u00edngua. Durante mais de 20 anos, movi-me como um piv\u00f4 atrav\u00e9s da paisagem equestre.<\/span><\/span><\/p>\n<p>Louco pela estratifica\u00e7\u00e3o do mundo do cavalo, encontro diariamente personagens interessantes dos Pa\u00edses Baixos amantes do cavalo.<br \/>\nE eu gosto de me aproximar o mais poss\u00edvel do fogo. Isso p\u00f5e-me atr\u00e1s das portas dos principais eventos mundiais e cara a cara com as pessoas mais inspiradoras e as suas hist\u00f3rias impressionantes.<\/p>\n<p><em>Entre no piso t\u00e9rreo!<\/em><\/p>\n<p>Interessado em ser voc\u00ea mesmo um convidado da HorseHeroes? Correio para possibilidades e tarifas <a href=\"mailto:info@ehscommunications.nl\">info@ehscommunications.nl<\/a><\/p>\n<p>Est\u00e1 a ouvir?<br \/>\nPode encontrar todos os podcasts gravados abaixo e tamb\u00e9m podemos ser ouvidos em Spotify, Google e Apple Podcast!<\/p>\n<\/div><\/section><br \/>\n\n<style type=\"text\/css\" data-created_by=\"avia_inline_auto\" id=\"style-css-av-kke10e73-f271cceb0f5bb8a35e7ad048546c7059\">\n#top .hr.hr-invisible.av-kke10e73-f271cceb0f5bb8a35e7ad048546c7059{\nheight:15px;\n}\n<\/style>\n<div  class='hr av-kke10e73-f271cceb0f5bb8a35e7ad048546c7059 hr-invisible  avia-builder-el-10  el_after_av_textblock  el_before_av_sidebar'><span class='hr-inner'><span class=\"hr-inner-style\"><\/span><\/span><\/div><br \/>\n<div  class='avia-builder-widget-area clearfix  avia-builder-el-11  el_after_av_hr  avia-builder-el-last'><div id=\"custom_html-2\" class=\"widget_text widget clearfix widget_custom_html\"><div class=\"textwidget custom-html-widget\"><iframe src='https:\/\/app.springcast.fm\/embed\/s\/9529\/00d664\/light\/' width='100%' height='390' frameborder='0' scrolling='no' seamless='true' style='width:100%; height:390px;'><\/iframe><\/div><\/div><\/div><\/p><\/div>\n<style type=\"text\/css\" data-created_by=\"avia_inline_auto\" id=\"style-css-av-1ml2d-caa038e3bb1033ebc080d062fff30486\">\n.flex_column.av-1ml2d-caa038e3bb1033ebc080d062fff30486{\nborder-radius:0px 0px 0px 0px;\npadding:0px 0px 0px 0px;\n}\n<\/style>\n<div  class='flex_column av-1ml2d-caa038e3bb1033ebc080d062fff30486 av_one_fifth  avia-builder-el-12  el_after_av_three_fifth  avia-builder-el-last  flex_column_div av-zero-column-padding'     ><\/div>","protected":false},"excerpt":{"rendered":"","protected":false},"author":1,"featured_media":0,"parent":0,"menu_order":0,"comment_status":"closed","ping_status":"closed","template":"","meta":{"_monsterinsights_skip_tracking":false,"_monsterinsights_sitenote_active":false,"_monsterinsights_sitenote_note":"","_monsterinsights_sitenote_category":0,"footnotes":""},"class_list":["post-871","page","type-page","status-publish","hentry"],"_links":{"self":[{"href":"https:\/\/www.ehscommunications.com\/pt\/wp-json\/wp\/v2\/pages\/871","targetHints":{"allow":["GET"]}}],"collection":[{"href":"https:\/\/www.ehscommunications.com\/pt\/wp-json\/wp\/v2\/pages"}],"about":[{"href":"https:\/\/www.ehscommunications.com\/pt\/wp-json\/wp\/v2\/types\/page"}],"author":[{"embeddable":true,"href":"https:\/\/www.ehscommunications.com\/pt\/wp-json\/wp\/v2\/users\/1"}],"replies":[{"embeddable":true,"href":"https:\/\/www.ehscommunications.com\/pt\/wp-json\/wp\/v2\/comments?post=871"}],"version-history":[{"count":12,"href":"https:\/\/www.ehscommunications.com\/pt\/wp-json\/wp\/v2\/pages\/871\/revisions"}],"predecessor-version":[{"id":2227,"href":"https:\/\/www.ehscommunications.com\/pt\/wp-json\/wp\/v2\/pages\/871\/revisions\/2227"}],"wp:attachment":[{"href":"https:\/\/www.ehscommunications.com\/pt\/wp-json\/wp\/v2\/media?parent=871"}],"curies":[{"name":"wp","href":"https:\/\/api.w.org\/{rel}","templated":true}]}}